{"id":2072,"date":"2023-03-02T11:58:47","date_gmt":"2023-03-02T10:58:47","guid":{"rendered":"http:\/\/di-oxygene.com\/?page_id=2072"},"modified":"2023-04-27T18:31:07","modified_gmt":"2023-04-27T16:31:07","slug":"charte","status":"publish","type":"page","link":"http:\/\/di-oxygene.com\/?page_id=2072","title":{"rendered":"Charte"},"content":{"rendered":"\t\t<div data-elementor-type=\"wp-page\" data-elementor-id=\"2072\" class=\"elementor elementor-2072\">\n\t\t\t\t\t\t\t\t\t<section class=\"elementor-section elementor-top-section elementor-element elementor-element-5db8334 elementor-section-full_width elementor-section-stretched elementor-section-height-default elementor-section-height-default\" data-id=\"5db8334\" data-element_type=\"section\" data-settings=\"{&quot;stretch_section&quot;:&quot;section-stretched&quot;}\">\n\t\t\t\t\t\t<div class=\"elementor-container elementor-column-gap-default\">\n\t\t\t\t\t<div class=\"elementor-column elementor-col-100 elementor-top-column elementor-element elementor-element-0982534\" data-id=\"0982534\" data-element_type=\"column\">\n\t\t\t<div class=\"elementor-widget-wrap elementor-element-populated\">\n\t\t\t\t\t\t\t\t<div class=\"elementor-element elementor-element-6252346 elementor-widget elementor-widget-biogenix_services_v6\" data-id=\"6252346\" data-element_type=\"widget\" data-widget_type=\"biogenix_services_v6.default\">\n\t\t\t\t<div class=\"elementor-widget-container\">\n\t\t\t        \n        <!-- industries-style-three -->\n        <section class=\"industries-style-three\">\n        \t            <div class=\"bg-layer\" style=\"background-image: url(http:\/\/di-oxygene.com\/wp-content\/uploads\/2023\/03\/Slide-1024x532-10-scaled.jpg);\"><\/div>\n            <div class=\"line-box\">\n                <div class=\"line line-1\"><\/div>\n                <div class=\"line line-2\"><\/div>\n                <div class=\"line line-3\"><\/div>\n                <div class=\"line line-4\"><\/div>\n            <\/div>\n                \n            <div class=\"outer-container clearfix\">\n\t\t\t\t                <div class=\"industries-block-three\">\n                    <div class=\"inner-box\">\n                        <div class=\"static-content\">\n                            <div class=\"light-icon\"><i class=\"flaticon-sprout\"><\/i><\/div>\n                            <h6>Charte<\/h6>\n                            <h3>Charte \u00e9thique<\/h3>\n                        <\/div>\n                        <div class=\"overlay-content\">\n                            <div class=\"light-icon\"><i class=\"flaticon-sprout\"><\/i><\/div>\n                            <h6>Charte<\/h6>\n                            <h3>Charte \u00e9thique<\/h3>\n                            <p>La charte \u00e9thique est notre boussole morale, elle nous prot\u00e8ge des temp\u00eates de la corruption.<\/p>\n                            <a href=\"http:\/\/di-oxygene.com\/?page_id=1798\">Read More<i class=\"flaticon-right-arrow\"><\/i><\/a>\n                        <\/div>\n                    <\/div>\n                <\/div>\n                                <div class=\"industries-block-three\">\n                    <div class=\"inner-box\">\n                        <div class=\"static-content\">\n                            <div class=\"light-icon\"><i class=\"flaticon-green-earth\"><\/i><\/div>\n                            <h6>Charte<\/h6>\n                            <h3>Charte qualit\u00e9<\/h3>\n                        <\/div>\n                        <div class=\"overlay-content\">\n                            <div class=\"light-icon\"><i class=\"flaticon-green-earth\"><\/i><\/div>\n                            <h6>Charte<\/h6>\n                            <h3>Charte qualit\u00e9<\/h3>\n                            <p>La qualit\u00e9 n&rsquo;est pas un acte, c&rsquo;est une habitude.<\/p>\n                            <a href=\"http:\/\/di-oxygene.com\/?page_id=1842\">Read More<i class=\"flaticon-right-arrow\"><\/i><\/a>\n                        <\/div>\n                    <\/div>\n                <\/div>\n                                <div class=\"industries-block-three\">\n                    <div class=\"inner-box\">\n                        <div class=\"static-content\">\n                            <div class=\"light-icon\"><i class=\"flaticon-medicine\"><\/i><\/div>\n                            <h6>Charte<\/h6>\n                            <h3>Charte Environnementale<\/h3>\n                        <\/div>\n                        <div class=\"overlay-content\">\n                            <div class=\"light-icon\"><i class=\"flaticon-medicine\"><\/i><\/div>\n                            <h6>Charte<\/h6>\n                            <h3>Charte Environnementale<\/h3>\n                            <p>La Terre n&rsquo;est pas un don de nos parents, ce sont nos enfants qui nous la pr\u00eatent.<\/p>\n                            <a href=\"http:\/\/di-oxygene.com\/?page_id=1856\">Read More<i class=\"flaticon-right-arrow\"><\/i><\/a>\n                        <\/div>\n                    <\/div>\n                <\/div>\n                                <div class=\"industries-block-three\">\n                    <div class=\"inner-box\">\n                        <div class=\"static-content\">\n                            <div class=\"light-icon\"><i class=\"flaticon-bread\"><\/i><\/div>\n                            <h6>Charte<\/h6>\n                            <h3>Charte de s\u00e9curit\u00e9<\/h3>\n                        <\/div>\n                        <div class=\"overlay-content\">\n                            <div class=\"light-icon\"><i class=\"flaticon-bread\"><\/i><\/div>\n                            <h6>Charte<\/h6>\n                            <h3>Charte de s\u00e9curit\u00e9<\/h3>\n                            <p>La s\u00e9curit\u00e9 n&rsquo;est pas un gadget mais un \u00e9tat d&rsquo;esprit.<\/p>\n                            <a href=\"http:\/\/di-oxygene.com\/?page_id=1845\">Read More<i class=\"flaticon-right-arrow\"><\/i><\/a>\n                        <\/div>\n                    <\/div>\n                <\/div>\n                                <div class=\"industries-block-three\">\n                    <div class=\"inner-box\">\n                        <div class=\"static-content\">\n                            <div class=\"light-icon\"><i class=\"flaticon-automobile\"><\/i><\/div>\n                            <h6>Charte<\/h6>\n                            <h3>Charte de confidentialit\u00e9<\/h3>\n                        <\/div>\n                        <div class=\"overlay-content\">\n                            <div class=\"light-icon\"><i class=\"flaticon-automobile\"><\/i><\/div>\n                            <h6>Charte<\/h6>\n                            <h3>Charte de confidentialit\u00e9<\/h3>\n                            <p>La confidentialit\u00e9 est la cl\u00e9 de la confiance.<\/p>\n                            <a href=\"http:\/\/di-oxygene.com\/?page_id=1848\">Read More<i class=\"flaticon-right-arrow\"><\/i><\/a>\n                        <\/div>\n                    <\/div>\n                <\/div>\n                            <\/div>\n        <\/section>\n        <!-- industries-style-three end -->\n        \n        \t\t<\/div>\n\t\t\t\t<\/div>\n\t\t\t\t\t<\/div>\n\t\t<\/div>\n\t\t\t\t\t\t\t<\/div>\n\t\t<\/section>\n\t\t\t\t\t\t\t<\/div>\n\t\t","protected":false},"excerpt":{"rendered":"<p>Charte Charte \u00e9thique Charte Charte \u00e9thique La charte \u00e9thique est notre boussole morale, elle nous prot\u00e8ge des temp\u00eates de la corruption. Read More Charte Charte qualit\u00e9 Charte Charte qualit\u00e9 La qualit\u00e9 n&rsquo;est pas un acte, c&rsquo;est une habitude. Read More Charte Charte Environnementale Charte Charte Environnementale La Terre n&rsquo;est pas un don de nos parents, [&hellip;]<\/p>\n","protected":false},"author":1,"featured_media":0,"parent":0,"menu_order":0,"comment_status":"closed","ping_status":"closed","template":"","meta":[],"_links":{"self":[{"href":"http:\/\/di-oxygene.com\/index.php?rest_route=\/wp\/v2\/pages\/2072"}],"collection":[{"href":"http:\/\/di-oxygene.com\/index.php?rest_route=\/wp\/v2\/pages"}],"about":[{"href":"http:\/\/di-oxygene.com\/index.php?rest_route=\/wp\/v2\/types\/page"}],"author":[{"embeddable":true,"href":"http:\/\/di-oxygene.com\/index.php?rest_route=\/wp\/v2\/users\/1"}],"replies":[{"embeddable":true,"href":"http:\/\/di-oxygene.com\/index.php?rest_route=%2Fwp%2Fv2%2Fcomments&post=2072"}],"version-history":[{"count":17,"href":"http:\/\/di-oxygene.com\/index.php?rest_route=\/wp\/v2\/pages\/2072\/revisions"}],"predecessor-version":[{"id":3495,"href":"http:\/\/di-oxygene.com\/index.php?rest_route=\/wp\/v2\/pages\/2072\/revisions\/3495"}],"wp:attachment":[{"href":"http:\/\/di-oxygene.com\/index.php?rest_route=%2Fwp%2Fv2%2Fmedia&parent=2072"}],"curies":[{"name":"wp","href":"https:\/\/api.w.org\/{rel}","templated":true}]}}