{"id":1848,"date":"2023-03-01T17:56:51","date_gmt":"2023-03-01T16:56:51","guid":{"rendered":"http:\/\/di-oxygene.com\/?page_id=1848"},"modified":"2025-04-02T12:01:56","modified_gmt":"2025-04-02T10:01:56","slug":"charte-de-confidentialite","status":"publish","type":"page","link":"http:\/\/di-oxygene.com\/?page_id=1848","title":{"rendered":"Charte de confidentialit\u00e9"},"content":{"rendered":"\t\t<div data-elementor-type=\"wp-page\" data-elementor-id=\"1848\" class=\"elementor elementor-1848\">\n\t\t\t\t\t\t\t\t\t<section class=\"elementor-section elementor-top-section elementor-element elementor-element-cffa778 elementor-section-boxed elementor-section-height-default elementor-section-height-default\" data-id=\"cffa778\" data-element_type=\"section\">\n\t\t\t\t\t\t<div class=\"elementor-container elementor-column-gap-default\">\n\t\t\t\t\t<div class=\"elementor-column elementor-col-33 elementor-top-column elementor-element elementor-element-7ff47b8\" data-id=\"7ff47b8\" data-element_type=\"column\" data-settings=\"{&quot;background_background&quot;:&quot;classic&quot;}\">\n\t\t\t<div class=\"elementor-widget-wrap elementor-element-populated\">\n\t\t\t\t\t\t\t\t<div class=\"elementor-element elementor-element-460b0ff elementor-align-justify elementor-widget elementor-widget-button\" data-id=\"460b0ff\" data-element_type=\"widget\" data-widget_type=\"button.default\">\n\t\t\t\t<div class=\"elementor-widget-container\">\n\t\t\t\t\t<div class=\"elementor-button-wrapper\">\n\t\t\t<a href=\"http:\/\/di-oxygene.com\/?page_id=1798\" class=\"elementor-button-link elementor-button elementor-size-md elementor-animation-float\" role=\"button\">\n\t\t\t\t\t\t<span class=\"elementor-button-content-wrapper\">\n\t\t\t\t\t\t<span class=\"elementor-button-text\">Charte Ethique<\/span>\n\t\t<\/span>\n\t\t\t\t\t<\/a>\n\t\t<\/div>\n\t\t\t\t<\/div>\n\t\t\t\t<\/div>\n\t\t\t\t<div class=\"elementor-element elementor-element-68cb4ea elementor-align-justify elementor-widget elementor-widget-button\" data-id=\"68cb4ea\" data-element_type=\"widget\" data-widget_type=\"button.default\">\n\t\t\t\t<div class=\"elementor-widget-container\">\n\t\t\t\t\t<div class=\"elementor-button-wrapper\">\n\t\t\t<a href=\"http:\/\/di-oxygene.com\/?page_id=1842\" class=\"elementor-button-link elementor-button elementor-size-md elementor-animation-float\" role=\"button\">\n\t\t\t\t\t\t<span class=\"elementor-button-content-wrapper\">\n\t\t\t\t\t\t<span class=\"elementor-button-text\">Charte Qualit\u00e9<\/span>\n\t\t<\/span>\n\t\t\t\t\t<\/a>\n\t\t<\/div>\n\t\t\t\t<\/div>\n\t\t\t\t<\/div>\n\t\t\t\t<div class=\"elementor-element elementor-element-a831cb0 elementor-align-justify elementor-widget elementor-widget-button\" data-id=\"a831cb0\" data-element_type=\"widget\" data-widget_type=\"button.default\">\n\t\t\t\t<div class=\"elementor-widget-container\">\n\t\t\t\t\t<div class=\"elementor-button-wrapper\">\n\t\t\t<a href=\"http:\/\/di-oxygene.com\/?page_id=1856\" class=\"elementor-button-link elementor-button elementor-size-md elementor-animation-float\" role=\"button\">\n\t\t\t\t\t\t<span class=\"elementor-button-content-wrapper\">\n\t\t\t\t\t\t<span class=\"elementor-button-text\">Charte Environnementale<\/span>\n\t\t<\/span>\n\t\t\t\t\t<\/a>\n\t\t<\/div>\n\t\t\t\t<\/div>\n\t\t\t\t<\/div>\n\t\t\t\t<div class=\"elementor-element elementor-element-19a999b elementor-align-justify elementor-widget elementor-widget-button\" data-id=\"19a999b\" data-element_type=\"widget\" data-widget_type=\"button.default\">\n\t\t\t\t<div class=\"elementor-widget-container\">\n\t\t\t\t\t<div class=\"elementor-button-wrapper\">\n\t\t\t<a href=\"http:\/\/di-oxygene.com\/?page_id=1845\" class=\"elementor-button-link elementor-button elementor-size-md elementor-animation-float\" role=\"button\">\n\t\t\t\t\t\t<span class=\"elementor-button-content-wrapper\">\n\t\t\t\t\t\t<span class=\"elementor-button-text\">Charte de S\u00e9curit\u00e9<\/span>\n\t\t<\/span>\n\t\t\t\t\t<\/a>\n\t\t<\/div>\n\t\t\t\t<\/div>\n\t\t\t\t<\/div>\n\t\t\t\t<div class=\"elementor-element elementor-element-0247856 elementor-align-justify elementor-widget elementor-widget-button\" data-id=\"0247856\" data-element_type=\"widget\" data-widget_type=\"button.default\">\n\t\t\t\t<div class=\"elementor-widget-container\">\n\t\t\t\t\t<div class=\"elementor-button-wrapper\">\n\t\t\t<a href=\"http:\/\/di-oxygene.com\/?page_id=1848\" class=\"elementor-button-link elementor-button elementor-size-md elementor-animation-float\" role=\"button\">\n\t\t\t\t\t\t<span class=\"elementor-button-content-wrapper\">\n\t\t\t\t\t\t<span class=\"elementor-button-text\">Charte de Confidentialit\u00e9<\/span>\n\t\t<\/span>\n\t\t\t\t\t<\/a>\n\t\t<\/div>\n\t\t\t\t<\/div>\n\t\t\t\t<\/div>\n\t\t\t\t\t<\/div>\n\t\t<\/div>\n\t\t\t\t<div class=\"elementor-column elementor-col-33 elementor-top-column elementor-element elementor-element-7112d13\" data-id=\"7112d13\" data-element_type=\"column\">\n\t\t\t<div class=\"elementor-widget-wrap\">\n\t\t\t\t\t\t\t\t\t<\/div>\n\t\t<\/div>\n\t\t\t\t<div class=\"elementor-column elementor-col-33 elementor-top-column elementor-element elementor-element-7fb9d59\" data-id=\"7fb9d59\" data-element_type=\"column\">\n\t\t\t<div class=\"elementor-widget-wrap elementor-element-populated\">\n\t\t\t\t\t\t\t\t<div class=\"elementor-element elementor-element-81f0850 elementor-widget elementor-widget-image\" data-id=\"81f0850\" data-element_type=\"widget\" data-widget_type=\"image.default\">\n\t\t\t\t<div class=\"elementor-widget-container\">\n\t\t\t<style>\/*! elementor - v3.11.2 - 22-02-2023 *\/\n.elementor-widget-image{text-align:center}.elementor-widget-image a{display:inline-block}.elementor-widget-image a img[src$=\".svg\"]{width:48px}.elementor-widget-image img{vertical-align:middle;display:inline-block}<\/style>\t\t\t\t\t\t\t\t\t\t\t\t<img decoding=\"async\" src=\"http:\/\/di-oxygene.com\/wp-content\/uploads\/elementor\/thumbs\/video-bg-q2s4lv3q5wy2jzbhdbpnfw4bzv1rolwl8crtazymxs.jpg\" title=\"video-bg\" alt=\"video-bg\" loading=\"lazy\" \/>\t\t\t\t\t\t\t\t\t\t\t\t\t\t\t<\/div>\n\t\t\t\t<\/div>\n\t\t\t\t<div class=\"elementor-element elementor-element-9f6596c elementor-widget elementor-widget-heading\" data-id=\"9f6596c\" data-element_type=\"widget\" data-widget_type=\"heading.default\">\n\t\t\t\t<div class=\"elementor-widget-container\">\n\t\t\t<style>\/*! elementor - v3.11.2 - 22-02-2023 *\/\n.elementor-heading-title{padding:0;margin:0;line-height:1}.elementor-widget-heading .elementor-heading-title[class*=elementor-size-]>a{color:inherit;font-size:inherit;line-height:inherit}.elementor-widget-heading .elementor-heading-title.elementor-size-small{font-size:15px}.elementor-widget-heading .elementor-heading-title.elementor-size-medium{font-size:19px}.elementor-widget-heading .elementor-heading-title.elementor-size-large{font-size:29px}.elementor-widget-heading .elementor-heading-title.elementor-size-xl{font-size:39px}.elementor-widget-heading .elementor-heading-title.elementor-size-xxl{font-size:59px}<\/style><h2 class=\"elementor-heading-title elementor-size-default\">Charte Confidentialit\u00e9<\/h2>\t\t<\/div>\n\t\t\t\t<\/div>\n\t\t\t\t<div class=\"elementor-element elementor-element-9431911 elementor-widget elementor-widget-text-editor\" data-id=\"9431911\" data-element_type=\"widget\" data-widget_type=\"text-editor.default\">\n\t\t\t\t<div class=\"elementor-widget-container\">\n\t\t\t<style>\/*! elementor - v3.11.2 - 22-02-2023 *\/\n.elementor-widget-text-editor.elementor-drop-cap-view-stacked .elementor-drop-cap{background-color:#818a91;color:#fff}.elementor-widget-text-editor.elementor-drop-cap-view-framed .elementor-drop-cap{color:#818a91;border:3px solid;background-color:transparent}.elementor-widget-text-editor:not(.elementor-drop-cap-view-default) .elementor-drop-cap{margin-top:8px}.elementor-widget-text-editor:not(.elementor-drop-cap-view-default) .elementor-drop-cap-letter{width:1em;height:1em}.elementor-widget-text-editor .elementor-drop-cap{float:left;text-align:center;line-height:1;font-size:50px}.elementor-widget-text-editor .elementor-drop-cap-letter{display:inline-block}<\/style>\t\t\t\t<p><em>La confidentialit\u00e9 est la cl\u00e9 de la confiance.<\/em><\/p><p>Elle d\u00e9crit les r\u00e8gles \u00e0 suivre pour la protection des donn\u00e9es et de la confidentialit\u00e9.<\/p><p><strong>Article 1<\/strong> : Collecte des donn\u00e9es<br \/>Dioxyg\u00e8ne s&rsquo;engage \u00e0 collecter les donn\u00e9es personnelles de ses clients de mani\u00e8re transparente et loyale, en conformit\u00e9 avec les lois et r\u00e8glementations en vigueur.<\/p><p><strong>Article 2<\/strong> : Utilisation des donn\u00e9es<br \/>Les donn\u00e9es personnelles collect\u00e9es ne seront utilis\u00e9es que dans le cadre des activit\u00e9s de Dioxyg\u00e8ne et dans le respect de la vie priv\u00e9e de ses clients.<\/p><p><strong>Article 3<\/strong> : Conservation des donn\u00e9es<br \/>Dioxyg\u00e8ne s&rsquo;engage \u00e0 conserver les donn\u00e9es personnelles de ses clients de mani\u00e8re s\u00e9curis\u00e9e et confidentielle, conform\u00e9ment aux lois et r\u00e8glementations en vigueur.<\/p><p><strong>Article 4<\/strong> : Communication des donn\u00e9es<br \/>Dioxyg\u00e8ne s&rsquo;engage \u00e0 ne pas communiquer les donn\u00e9es personnelles de ses clients \u00e0 des tiers, sauf si cela est n\u00e9cessaire pour fournir les services demand\u00e9s ou si cela est exig\u00e9 par la loi.<\/p><p><strong>Article 5<\/strong> : Consentement des clients<br \/>Dioxyg\u00e8ne s&rsquo;engage \u00e0 obtenir le consentement explicite de ses clients avant de collecter, utiliser ou communiquer leurs donn\u00e9es personnelles.<\/p><p><strong>Article 6<\/strong> : Exactitude des donn\u00e9es<br \/>Dioxyg\u00e8ne s&rsquo;engage \u00e0 maintenir l&rsquo;exactitude des donn\u00e9es personnelles de ses clients et \u00e0 les mettre \u00e0 jour r\u00e9guli\u00e8rement.<\/p><p><strong>Article 7<\/strong> : S\u00e9curit\u00e9 des donn\u00e9es<br \/>Dioxyg\u00e8ne s&rsquo;engage \u00e0 prot\u00e9ger les donn\u00e9es personnelles de ses clients contre toute utilisation non autoris\u00e9e, perte ou dommage.<\/p><p><strong>Article 8<\/strong> : Droits des clients<br \/>Dioxyg\u00e8ne s&rsquo;engage \u00e0 respecter les droits de ses clients en mati\u00e8re de donn\u00e9es personnelles, notamment leur droit d&rsquo;acc\u00e9der \u00e0 leurs donn\u00e9es, de les rectifier ou de les supprimer.<\/p><p><strong>Article 9<\/strong> : Transfert international des donn\u00e9es<br \/>Dioxyg\u00e8ne s&rsquo;engage \u00e0 ne transf\u00e9rer les donn\u00e9es personnelles de ses clients en dehors de l&rsquo;Union europ\u00e9enne qu&rsquo;avec leur consentement et dans le respect des lois et r\u00e8glementations en vigueur.<\/p><p><strong>Article 10<\/strong> : Cookies<br \/>Dioxyg\u00e8ne utilise des cookies pour am\u00e9liorer l&rsquo;exp\u00e9rience de ses clients sur son site web et s&rsquo;engage \u00e0 informer ses clients de l&rsquo;utilisation de ces cookies et \u00e0 obtenir leur consentement pr\u00e9alable.<\/p><p><strong>Article 11<\/strong> : Protection des mineurs<br \/>Dioxyg\u00e8ne s&rsquo;engage \u00e0 prot\u00e9ger les donn\u00e9es personnelles des mineurs et \u00e0 ne collecter, utiliser ou communiquer leurs donn\u00e9es personnelles qu&rsquo;avec le consentement de leurs parents ou tuteurs l\u00e9gaux.<\/p><p><strong>Article 12<\/strong> : Responsabilit\u00e9<br \/>Dioxyg\u00e8ne assume la responsabilit\u00e9 de la collecte, de l&rsquo;utilisation et de la communication des donn\u00e9es personnelles de ses clients conform\u00e9ment aux lois et r\u00e8glementations en vigueur.<\/p><p><strong>Article 13<\/strong> : Formation et sensibilisation<br \/>Dioxyg\u00e8ne s&rsquo;engage \u00e0 former et \u00e0 sensibiliser ses employ\u00e9s \u00e0 la protection des donn\u00e9es personnelles et \u00e0 garantir qu&rsquo;ils respectent la pr\u00e9sente Charte.<\/p><p><strong>Article 14<\/strong> : \u00c9valuation<br \/>Dioxyg\u00e8ne \u00e9value r\u00e9guli\u00e8rement sa conformit\u00e9 \u00e0 la pr\u00e9sente Charte et la met \u00e0 jour si n\u00e9cessaire.<\/p><p><strong>Article 15<\/strong> : Contact Les clients peuvent contacter<br \/>Dioxyg\u00e8ne pour toute question ou pr\u00e9occupation concernant la collecte, l&rsquo;utilisation et la communication de leurs donn\u00e9es personnelles.<\/p>\t\t\t\t\t\t<\/div>\n\t\t\t\t<\/div>\n\t\t\t\t\t<\/div>\n\t\t<\/div>\n\t\t\t\t\t\t\t<\/div>\n\t\t<\/section>\n\t\t\t\t\t\t\t<\/div>\n\t\t","protected":false},"excerpt":{"rendered":"<p>Charte Ethique Charte Qualit\u00e9 Charte Environnementale Charte de S\u00e9curit\u00e9 Charte de Confidentialit\u00e9 Charte Confidentialit\u00e9 La confidentialit\u00e9 est la cl\u00e9 de la confiance. Elle d\u00e9crit les r\u00e8gles \u00e0 suivre pour la protection des donn\u00e9es et de la confidentialit\u00e9. Article 1 : Collecte des donn\u00e9esDioxyg\u00e8ne s&rsquo;engage \u00e0 collecter les donn\u00e9es personnelles de ses clients de mani\u00e8re transparente [&hellip;]<\/p>\n","protected":false},"author":1,"featured_media":0,"parent":0,"menu_order":0,"comment_status":"closed","ping_status":"closed","template":"","meta":[],"_links":{"self":[{"href":"http:\/\/di-oxygene.com\/index.php?rest_route=\/wp\/v2\/pages\/1848"}],"collection":[{"href":"http:\/\/di-oxygene.com\/index.php?rest_route=\/wp\/v2\/pages"}],"about":[{"href":"http:\/\/di-oxygene.com\/index.php?rest_route=\/wp\/v2\/types\/page"}],"author":[{"embeddable":true,"href":"http:\/\/di-oxygene.com\/index.php?rest_route=\/wp\/v2\/users\/1"}],"replies":[{"embeddable":true,"href":"http:\/\/di-oxygene.com\/index.php?rest_route=%2Fwp%2Fv2%2Fcomments&post=1848"}],"version-history":[{"count":34,"href":"http:\/\/di-oxygene.com\/index.php?rest_route=\/wp\/v2\/pages\/1848\/revisions"}],"predecessor-version":[{"id":10179,"href":"http:\/\/di-oxygene.com\/index.php?rest_route=\/wp\/v2\/pages\/1848\/revisions\/10179"}],"wp:attachment":[{"href":"http:\/\/di-oxygene.com\/index.php?rest_route=%2Fwp%2Fv2%2Fmedia&parent=1848"}],"curies":[{"name":"wp","href":"https:\/\/api.w.org\/{rel}","templated":true}]}}