{"id":1842,"date":"2023-03-01T17:55:10","date_gmt":"2023-03-01T16:55:10","guid":{"rendered":"http:\/\/di-oxygene.com\/?page_id=1842"},"modified":"2023-04-27T18:31:42","modified_gmt":"2023-04-27T16:31:42","slug":"charte-qualite","status":"publish","type":"page","link":"http:\/\/di-oxygene.com\/?page_id=1842","title":{"rendered":"Charte qualit\u00e9"},"content":{"rendered":"\t\t<div data-elementor-type=\"wp-page\" data-elementor-id=\"1842\" class=\"elementor elementor-1842\">\n\t\t\t\t\t\t\t\t\t<section class=\"elementor-section elementor-top-section elementor-element elementor-element-d82f883 elementor-section-boxed elementor-section-height-default elementor-section-height-default\" data-id=\"d82f883\" data-element_type=\"section\">\n\t\t\t\t\t\t<div class=\"elementor-container elementor-column-gap-default\">\n\t\t\t\t\t<div class=\"elementor-column elementor-col-33 elementor-top-column elementor-element elementor-element-8e9a8df\" data-id=\"8e9a8df\" data-element_type=\"column\" data-settings=\"{&quot;background_background&quot;:&quot;classic&quot;}\">\n\t\t\t<div class=\"elementor-widget-wrap elementor-element-populated\">\n\t\t\t\t\t\t\t\t<div class=\"elementor-element elementor-element-d3e86d4 elementor-align-justify elementor-widget elementor-widget-button\" data-id=\"d3e86d4\" data-element_type=\"widget\" data-widget_type=\"button.default\">\n\t\t\t\t<div class=\"elementor-widget-container\">\n\t\t\t\t\t<div class=\"elementor-button-wrapper\">\n\t\t\t<a href=\"http:\/\/di-oxygene.com\/?page_id=1798\" class=\"elementor-button-link elementor-button elementor-size-md elementor-animation-float\" role=\"button\">\n\t\t\t\t\t\t<span class=\"elementor-button-content-wrapper\">\n\t\t\t\t\t\t<span class=\"elementor-button-text\">Charte Ethique<\/span>\n\t\t<\/span>\n\t\t\t\t\t<\/a>\n\t\t<\/div>\n\t\t\t\t<\/div>\n\t\t\t\t<\/div>\n\t\t\t\t<div class=\"elementor-element elementor-element-709de99 elementor-align-justify elementor-widget elementor-widget-button\" data-id=\"709de99\" data-element_type=\"widget\" data-widget_type=\"button.default\">\n\t\t\t\t<div class=\"elementor-widget-container\">\n\t\t\t\t\t<div class=\"elementor-button-wrapper\">\n\t\t\t<a href=\"http:\/\/di-oxygene.com\/?page_id=1842\" class=\"elementor-button-link elementor-button elementor-size-md elementor-animation-float\" role=\"button\">\n\t\t\t\t\t\t<span class=\"elementor-button-content-wrapper\">\n\t\t\t\t\t\t<span class=\"elementor-button-text\">Charte Qualit\u00e9<\/span>\n\t\t<\/span>\n\t\t\t\t\t<\/a>\n\t\t<\/div>\n\t\t\t\t<\/div>\n\t\t\t\t<\/div>\n\t\t\t\t<div class=\"elementor-element elementor-element-6ce4c88 elementor-align-justify elementor-widget elementor-widget-button\" data-id=\"6ce4c88\" data-element_type=\"widget\" data-widget_type=\"button.default\">\n\t\t\t\t<div class=\"elementor-widget-container\">\n\t\t\t\t\t<div class=\"elementor-button-wrapper\">\n\t\t\t<a href=\"http:\/\/di-oxygene.com\/?page_id=1856\" class=\"elementor-button-link elementor-button elementor-size-md elementor-animation-float\" role=\"button\">\n\t\t\t\t\t\t<span class=\"elementor-button-content-wrapper\">\n\t\t\t\t\t\t<span class=\"elementor-button-text\">Charte Environnementale<\/span>\n\t\t<\/span>\n\t\t\t\t\t<\/a>\n\t\t<\/div>\n\t\t\t\t<\/div>\n\t\t\t\t<\/div>\n\t\t\t\t<div class=\"elementor-element elementor-element-9a0dc33 elementor-align-justify elementor-widget elementor-widget-button\" data-id=\"9a0dc33\" data-element_type=\"widget\" data-widget_type=\"button.default\">\n\t\t\t\t<div class=\"elementor-widget-container\">\n\t\t\t\t\t<div class=\"elementor-button-wrapper\">\n\t\t\t<a href=\"http:\/\/di-oxygene.com\/?page_id=1845\" class=\"elementor-button-link elementor-button elementor-size-md elementor-animation-float\" role=\"button\">\n\t\t\t\t\t\t<span class=\"elementor-button-content-wrapper\">\n\t\t\t\t\t\t<span class=\"elementor-button-text\">Charte de S\u00e9curit\u00e9<\/span>\n\t\t<\/span>\n\t\t\t\t\t<\/a>\n\t\t<\/div>\n\t\t\t\t<\/div>\n\t\t\t\t<\/div>\n\t\t\t\t<div class=\"elementor-element elementor-element-4324313 elementor-align-justify elementor-widget elementor-widget-button\" data-id=\"4324313\" data-element_type=\"widget\" data-widget_type=\"button.default\">\n\t\t\t\t<div class=\"elementor-widget-container\">\n\t\t\t\t\t<div class=\"elementor-button-wrapper\">\n\t\t\t<a href=\"http:\/\/di-oxygene.com\/?page_id=1848\" class=\"elementor-button-link elementor-button elementor-size-md elementor-animation-float\" role=\"button\">\n\t\t\t\t\t\t<span class=\"elementor-button-content-wrapper\">\n\t\t\t\t\t\t<span class=\"elementor-button-text\">Charte de Confidentialit\u00e9<\/span>\n\t\t<\/span>\n\t\t\t\t\t<\/a>\n\t\t<\/div>\n\t\t\t\t<\/div>\n\t\t\t\t<\/div>\n\t\t\t\t\t<\/div>\n\t\t<\/div>\n\t\t\t\t<div class=\"elementor-column elementor-col-33 elementor-top-column elementor-element elementor-element-37e055c\" data-id=\"37e055c\" data-element_type=\"column\">\n\t\t\t<div class=\"elementor-widget-wrap\">\n\t\t\t\t\t\t\t\t\t<\/div>\n\t\t<\/div>\n\t\t\t\t<div class=\"elementor-column elementor-col-33 elementor-top-column elementor-element elementor-element-2d0ccba\" data-id=\"2d0ccba\" data-element_type=\"column\">\n\t\t\t<div class=\"elementor-widget-wrap elementor-element-populated\">\n\t\t\t\t\t\t\t\t<div class=\"elementor-element elementor-element-e35183d elementor-widget elementor-widget-image\" data-id=\"e35183d\" data-element_type=\"widget\" data-widget_type=\"image.default\">\n\t\t\t\t<div class=\"elementor-widget-container\">\n\t\t\t<style>\/*! elementor - v3.11.2 - 22-02-2023 *\/\n.elementor-widget-image{text-align:center}.elementor-widget-image a{display:inline-block}.elementor-widget-image a img[src$=\".svg\"]{width:48px}.elementor-widget-image img{vertical-align:middle;display:inline-block}<\/style>\t\t\t\t\t\t\t\t\t\t\t\t<img decoding=\"async\" src=\"http:\/\/di-oxygene.com\/wp-content\/uploads\/elementor\/thumbs\/video-bg-q2s4lv3q5wy2jzbhdbpnfw4bzv1rolwl8crtazymxs.jpg\" title=\"video-bg\" alt=\"video-bg\" loading=\"lazy\" \/>\t\t\t\t\t\t\t\t\t\t\t\t\t\t\t<\/div>\n\t\t\t\t<\/div>\n\t\t\t\t<div class=\"elementor-element elementor-element-7c91c56 elementor-widget elementor-widget-heading\" data-id=\"7c91c56\" data-element_type=\"widget\" data-widget_type=\"heading.default\">\n\t\t\t\t<div class=\"elementor-widget-container\">\n\t\t\t<style>\/*! elementor - v3.11.2 - 22-02-2023 *\/\n.elementor-heading-title{padding:0;margin:0;line-height:1}.elementor-widget-heading .elementor-heading-title[class*=elementor-size-]>a{color:inherit;font-size:inherit;line-height:inherit}.elementor-widget-heading .elementor-heading-title.elementor-size-small{font-size:15px}.elementor-widget-heading .elementor-heading-title.elementor-size-medium{font-size:19px}.elementor-widget-heading .elementor-heading-title.elementor-size-large{font-size:29px}.elementor-widget-heading .elementor-heading-title.elementor-size-xl{font-size:39px}.elementor-widget-heading .elementor-heading-title.elementor-size-xxl{font-size:59px}<\/style><h2 class=\"elementor-heading-title elementor-size-default\">Charte Qualit\u00e9<\/h2>\t\t<\/div>\n\t\t\t\t<\/div>\n\t\t\t\t<div class=\"elementor-element elementor-element-a7da927 elementor-widget elementor-widget-text-editor\" data-id=\"a7da927\" data-element_type=\"widget\" data-widget_type=\"text-editor.default\">\n\t\t\t\t<div class=\"elementor-widget-container\">\n\t\t\t<style>\/*! elementor - v3.11.2 - 22-02-2023 *\/\n.elementor-widget-text-editor.elementor-drop-cap-view-stacked .elementor-drop-cap{background-color:#818a91;color:#fff}.elementor-widget-text-editor.elementor-drop-cap-view-framed .elementor-drop-cap{color:#818a91;border:3px solid;background-color:transparent}.elementor-widget-text-editor:not(.elementor-drop-cap-view-default) .elementor-drop-cap{margin-top:8px}.elementor-widget-text-editor:not(.elementor-drop-cap-view-default) .elementor-drop-cap-letter{width:1em;height:1em}.elementor-widget-text-editor .elementor-drop-cap{float:left;text-align:center;line-height:1;font-size:50px}.elementor-widget-text-editor .elementor-drop-cap-letter{display:inline-block}<\/style>\t\t\t\t<p><em>La qualit\u00e9 n&rsquo;est pas un acte, c&rsquo;est une habitude.<\/em><\/p><p>Elle d\u00e9finit les engagements de l&rsquo;entreprise en mati\u00e8re de qualit\u00e9 des produits et services propos\u00e9s.<\/p><p><strong>Article 1<\/strong> &#8211; Satisfaction client<br \/>Nous mettons tout en \u0153uvre pour satisfaire nos clients et leur fournir des solutions personnalis\u00e9es adapt\u00e9es \u00e0 leurs besoins.<\/p><p><strong>Article 2<\/strong> &#8211; Respect client<br \/>Nous respectons nos clients et leurs opinions, et nous traitons toutes leurs demandes avec la plus grande consid\u00e9ration.<\/p><p><strong>Article 3<\/strong> &#8211; Qualit\u00e9 du service<br \/>Nous nous engageons \u00e0 fournir des services de qualit\u00e9 sup\u00e9rieure en utilisant les derni\u00e8res technologies et en suivant les meilleures pratiques de l&rsquo;industrie.<\/p><p><strong>Article 4<\/strong> &#8211; Comp\u00e9tences<br \/>Nous maintenons notre expertise en constante \u00e9volution en suivant des formations r\u00e9guli\u00e8res et en nous tenant inform\u00e9s des derni\u00e8res tendances et innovations de notre domaine.<\/p><p><strong>Article 5<\/strong> &#8211; Communication<br \/>Nous communiquons r\u00e9guli\u00e8rement avec nos clients pour leur tenir inform\u00e9s de l&rsquo;avancement de leur projet et pour r\u00e9pondre \u00e0 toutes leurs questions et pr\u00e9occupations.<\/p><p><strong>Article 6<\/strong> &#8211; Transparence<br \/>Nous sommes transparents dans notre communication et nous fournissons des informations claires et pr\u00e9cises sur nos services et nos tarifs.<\/p><p><strong>Article 7<\/strong> &#8211; \u00c9coute active<br \/>Nous \u00e9coutons attentivement nos clients et nous prenons en compte toutes leurs suggestions et remarques pour am\u00e9liorer constamment nos services.<\/p><p><strong>Article 8<\/strong> &#8211; D\u00e9lais<br \/>Nous nous engageons \u00e0 respecter les d\u00e9lais convenus avec nos clients et \u00e0 les tenir inform\u00e9s en cas de retard.<\/p><p><strong>Article 9<\/strong> &#8211; R\u00e9solution de probl\u00e8mes<br \/>En cas de probl\u00e8me, nous nous engageons \u00e0 travailler rapidement et efficacement pour trouver une solution satisfaisante pour nos clients.<\/p><p><strong>Article 10<\/strong> &#8211; Confidentialit\u00e9<br \/>Nous respectons la confidentialit\u00e9 des informations de nos clients et nous nous engageons \u00e0 ne pas divulguer leurs donn\u00e9es sans leur consentement.<\/p><p><strong>Article 11<\/strong> &#8211; \u00c9thique<br \/>Nous nous engageons \u00e0 respecter les normes \u00e9thiques les plus \u00e9lev\u00e9es dans tous les aspects de notre entreprise.<\/p><p><strong>Article 12<\/strong> &#8211; Responsabilit\u00e9 sociale<br \/>Nous avons une responsabilit\u00e9 sociale envers la communaut\u00e9 et nous nous engageons \u00e0 contribuer \u00e0 son d\u00e9veloppement.<\/p><p><strong>Article 13<\/strong> &#8211; Environnement<br \/>Nous nous engageons \u00e0 r\u00e9duire notre impact environnemental en adoptant des pratiques durables et respectueuses de l&rsquo;environnement.<\/p><p><strong>Article 14<\/strong> &#8211; \u00c9valuation continue<br \/>Nous \u00e9valuons constamment notre performance et nous cherchons des moyens d&rsquo;am\u00e9liorer nos services pour r\u00e9pondre aux besoins changeants de nos clients.<\/p><p><strong>Article 15<\/strong> &#8211; Satisfaction garantie<br \/>Nous sommes fiers de notre travail et nous offrons une satisfaction garantie \u00e0 nos clients. Si nos services ne r\u00e9pondent pas \u00e0 leurs attentes, nous ferons tout notre possible pour y rem\u00e9dier.<\/p>\t\t\t\t\t\t<\/div>\n\t\t\t\t<\/div>\n\t\t\t\t\t<\/div>\n\t\t<\/div>\n\t\t\t\t\t\t\t<\/div>\n\t\t<\/section>\n\t\t\t\t\t\t\t<\/div>\n\t\t","protected":false},"excerpt":{"rendered":"<p>Charte Ethique Charte Qualit\u00e9 Charte Environnementale Charte de S\u00e9curit\u00e9 Charte de Confidentialit\u00e9 Charte Qualit\u00e9 La qualit\u00e9 n&rsquo;est pas un acte, c&rsquo;est une habitude. Elle d\u00e9finit les engagements de l&rsquo;entreprise en mati\u00e8re de qualit\u00e9 des produits et services propos\u00e9s. Article 1 &#8211; Satisfaction clientNous mettons tout en \u0153uvre pour satisfaire nos clients et leur fournir des [&hellip;]<\/p>\n","protected":false},"author":1,"featured_media":0,"parent":0,"menu_order":0,"comment_status":"closed","ping_status":"closed","template":"","meta":[],"_links":{"self":[{"href":"http:\/\/di-oxygene.com\/index.php?rest_route=\/wp\/v2\/pages\/1842"}],"collection":[{"href":"http:\/\/di-oxygene.com\/index.php?rest_route=\/wp\/v2\/pages"}],"about":[{"href":"http:\/\/di-oxygene.com\/index.php?rest_route=\/wp\/v2\/types\/page"}],"author":[{"embeddable":true,"href":"http:\/\/di-oxygene.com\/index.php?rest_route=\/wp\/v2\/users\/1"}],"replies":[{"embeddable":true,"href":"http:\/\/di-oxygene.com\/index.php?rest_route=%2Fwp%2Fv2%2Fcomments&post=1842"}],"version-history":[{"count":77,"href":"http:\/\/di-oxygene.com\/index.php?rest_route=\/wp\/v2\/pages\/1842\/revisions"}],"predecessor-version":[{"id":3510,"href":"http:\/\/di-oxygene.com\/index.php?rest_route=\/wp\/v2\/pages\/1842\/revisions\/3510"}],"wp:attachment":[{"href":"http:\/\/di-oxygene.com\/index.php?rest_route=%2Fwp%2Fv2%2Fmedia&parent=1842"}],"curies":[{"name":"wp","href":"https:\/\/api.w.org\/{rel}","templated":true}]}}